{"id":445,"date":"2022-11-23T14:25:16","date_gmt":"2022-11-23T14:25:16","guid":{"rendered":"https:\/\/mendener-in-not.de\/?page_id=445"},"modified":"2025-11-02T17:17:52","modified_gmt":"2025-11-02T17:17:52","slug":"home","status":"publish","type":"page","link":"https:\/\/mendener-in-not.de\/","title":{"rendered":"HOME"},"content":{"rendered":"\n<style>\/*! elementor - v3.10.0 - 09-01-2023 *\/<br \/>\n.elementor-widget-image{text-align:center}.elementor-widget-image a{display:inline-block}.elementor-widget-image a img[src$=\".svg\"]{width:48px}.elementor-widget-image img{vertical-align:middle;display:inline-block}<\/style>\n\n\n\n<figure class=\"wp-block-image\"><img decoding=\"async\" src=\"https:\/\/mendener-in-not.de\/wp-content\/uploads\/2022\/11\/LOGO_shadow_small.png\" alt=\"\"\/><\/figure>\n\n\n\n<p><\/p>\n\n\n\n<style>\/*! elementor - v3.10.0 - 09-01-2023 *\/<br \/>\n.elementor-column .elementor-spacer-inner{height:var(--spacer-size)}.e-con{--container-widget-width:100%}.e-con-inner>.elementor-widget-spacer,.e-con>.elementor-widget-spacer{width:var(--container-widget-width,var(--spacer-size));--align-self:var(--container-widget-align-self,initial);--flex-shrink:0}.e-con-inner>.elementor-widget-spacer>.elementor-widget-container,.e-con-inner>.elementor-widget-spacer>.elementor-widget-container>.elementor-spacer,.e-con>.elementor-widget-spacer>.elementor-widget-container,.e-con>.elementor-widget-spacer>.elementor-widget-container>.elementor-spacer{height:100%}.e-con-inner>.elementor-widget-spacer>.elementor-widget-container>.elementor-spacer>.elementor-spacer-inner,.e-con>.elementor-widget-spacer>.elementor-widget-container>.elementor-spacer>.elementor-spacer-inner{height:var(--container-widget-height,var(--spacer-size))}<\/style>\n\n\n\n<p><strong>Herzlich willkommen,<\/strong><\/p>\n\n\n\n<p>Seit mehr als 25 Jahren sind wir von <b>Mendener in Not e.V.<\/b> Anlaufstelle f\u00fcr Menschen unserer Heimatstadt, die in Not geraten sind. Dank der gro\u00dfartigen Spendenbereitschaft der B\u00fcrger:innen Mendens konnte der Vorstand, gemeinsam mit dem Beirat (bestehend aus Personen verschiedener Berufsgruppen und verschiedener Mendener Stadtteile), schon vielen in Not geratenen Menschen helfen. Und gerade in den heutigen, unsicheren Zeiten ist es wichtiger denn je, eine Anlaufstelle zu bieten, bei der Bed\u00fcrftige direkte und schnelle Hilfe bekommen.<\/p>\n\n\n\n<p>Ihr Team von Mendener in Not e.V.<\/p>\n\n\n\n<p><strong>Wir helfen, wo gesetzliche Unterst\u00fctzung nicht ausreicht, z.B. bei<\/strong><\/p>\n\n\n\n<p>&#8211; Energiekosten, wenn Stromsperren drohen<br>\n&#8211; bei medizinischen Hilfsmitteln, die die Krankenkassen nicht \u00fcbernehmen<br>\n&#8211; wir stellen Lebensmittelgutscheine aus<br>\n&#8211; wir \u00fcbernehmen anteilig Beerdigungskosten<br>\n&#8211; wir \u00fcbernehmen Kosten f\u00fcr Kinderkleidung und Schulbedarf<br>\n&#8211; besondere Kleidung f\u00fcr Krankenhaus und REHA.<\/p>\n\n\n\n<style>\/*! elementor - v3.10.0 - 09-01-2023 *\/<br \/>\nbody.elementor-page .elementor-widget-menu-anchor{margin-bottom:0}<\/style>\n\n\n\n<style>\/*! elementor - v3.10.0 - 09-01-2023 *\/<br \/>\n.elementor-heading-title{padding:0;margin:0;line-height:1}.elementor-widget-heading .elementor-heading-title[class*=elementor-size-]>a{color:inherit;font-size:inherit;line-height:inherit}.elementor-widget-heading .elementor-heading-title.elementor-size-small{font-size:15px}.elementor-widget-heading .elementor-heading-title.elementor-size-medium{font-size:19px}.elementor-widget-heading .elementor-heading-title.elementor-size-large{font-size:29px}.elementor-widget-heading .elementor-heading-title.elementor-size-xl{font-size:39px}.elementor-widget-heading .elementor-heading-title.elementor-size-xxl{font-size:59px}<\/style>\n\n\n\n<h2 class=\"wp-block-heading\">AKTUELLES<\/h2>\n\n\n\n<p><a role=\"button\" href=\"https:\/\/mendener-in-not.de\/?page_id=1283\"><br>\nmehr AKTUELLES<br>\n<\/a><\/p>\n\n\n\n<h2 class=\"wp-block-heading\">Unser Verein<\/h2>\n\n\n\n<p>Wir sind hervorgegangen aus der langj\u00e4hrigen Spendenaktion &#8230;<br>\n<a href=\"https:\/\/mendener-in-not.de\/?page_id=21\"><br>\nHier klicken <\/a><\/p>\n\n\n\n<h2 class=\"wp-block-heading\">Spenden Sie!<\/h2>\n\n\n\n<p>Helfen Sie, und unterst\u00fctzen Sie unseren Verein mit Ihrer Spende.<br> <a href=\"https:\/\/mendener-in-not.de\/?page_id=19\"><br><br>Hier klicken <\/a><\/p>\n\n\n\n<h2 class=\"wp-block-heading\">Werden Sie Mitglied!<\/h2>\n\n\n\n<p>Unterst\u00fctzen Sie uns durch Ihre Mitgliedschaft!<br>\n<a href=\"https:\/\/mendener-in-not.de\/?page_id=15\"><br>\nHier klicken <\/a><\/p>\n\n\n\n<h2 class=\"wp-block-heading\">KONTAKT<\/h2>\n\n\n\n<p>Sie k\u00f6nnen <strong>Mendener in Not e.V.<\/strong> schnell und direkt mit unserem Kontaktformular erreichen!<\/p>\n\n\n\n<p>Sie erreichen Mendener in Not e.V. nat\u00fcrlich auch per E-Mail unter: <a href=\"mailto:info@mendener-in-not.de\">info@mendener-in-not.de<\/a><\/p>\n\n\n\n<p>oder in dringenden F\u00e4llen:<b><br>\nNotfallnummer Mobil: 0157 &#8211; 536 657 42<\/b><\/p>\n\n\n\n<p><b>Sie k\u00f6nnen sich auch direkt mit dem Vorstand in Verbindung setzen:<\/b><br>\nVorsitzender Klaus Ullrich 02373 \/ 81 42 8<br>\nVorsitzende Veronika Czerwinski 02373 \/ 14 51 4<br>\nGesch\u00e4ftsf\u00fchrer Rainer Zentgraf 02373 \/ 83 55 4<\/p>\n\n\n\n<p><b>Ansprechpartnerin f\u00fcr Notf\u00e4lle:<\/b><br>\nMaria-Cristina Gummert 02373 \/ 39 00 95 &amp;<br>\n0157 &#8211; 536 657 42<\/p>\n\n\n\n<p><b>Unsere Postadresse:<br>\n<\/b>Mendener in Not e.V.<br>\nPostfach 2106<br>\n58681 Menden<b><br>\n<\/b><\/p>\n","protected":false},"excerpt":{"rendered":"<p>Herzlich willkommen, Seit mehr als 25 Jahren sind wir von Mendener in Not e.V. Anlaufstelle f\u00fcr Menschen unserer Heimatstadt, die in Not geraten sind. Dank der gro\u00dfartigen Spendenbereitschaft der B\u00fcrger:innen Mendens konnte der Vorstand, gemeinsam mit dem Beirat (bestehend aus Personen verschiedener Berufsgruppen und verschiedener Mendener Stadtteile), schon vielen in Not geratenen Menschen helfen. Und [&hellip;]<\/p>\n","protected":false},"author":1,"featured_media":0,"parent":0,"menu_order":0,"comment_status":"closed","ping_status":"closed","template":"","meta":{"footnotes":""},"class_list":["post-445","page","type-page","status-publish","hentry"],"_links":{"self":[{"href":"https:\/\/mendener-in-not.de\/index.php?rest_route=\/wp\/v2\/pages\/445","targetHints":{"allow":["GET"]}}],"collection":[{"href":"https:\/\/mendener-in-not.de\/index.php?rest_route=\/wp\/v2\/pages"}],"about":[{"href":"https:\/\/mendener-in-not.de\/index.php?rest_route=\/wp\/v2\/types\/page"}],"author":[{"embeddable":true,"href":"https:\/\/mendener-in-not.de\/index.php?rest_route=\/wp\/v2\/users\/1"}],"replies":[{"embeddable":true,"href":"https:\/\/mendener-in-not.de\/index.php?rest_route=%2Fwp%2Fv2%2Fcomments&post=445"}],"version-history":[{"count":355,"href":"https:\/\/mendener-in-not.de\/index.php?rest_route=\/wp\/v2\/pages\/445\/revisions"}],"predecessor-version":[{"id":1365,"href":"https:\/\/mendener-in-not.de\/index.php?rest_route=\/wp\/v2\/pages\/445\/revisions\/1365"}],"wp:attachment":[{"href":"https:\/\/mendener-in-not.de\/index.php?rest_route=%2Fwp%2Fv2%2Fmedia&parent=445"}],"curies":[{"name":"wp","href":"https:\/\/api.w.org\/{rel}","templated":true}]}}