{"id":21,"date":"2016-10-11T11:50:58","date_gmt":"2016-10-11T11:50:58","guid":{"rendered":"http:\/\/mendener-in-not.de\/?page_id=21"},"modified":"2025-11-02T16:58:04","modified_gmt":"2025-11-02T16:58:04","slug":"beirat","status":"publish","type":"page","link":"https:\/\/mendener-in-not.de\/?page_id=21","title":{"rendered":"Der Verein &#8211; Vorstand und Beirat"},"content":{"rendered":"\n<p>Der Verein Mendener in Not e.V. ist hervorgegangen aus der langj\u00e4hrigen Spendenaktion der Westfalenpost Redaktion Menden, die erstmals 1996 zu Spenden f\u00fcr in Not lebende Mendener aufgerufen hat.<br><br>Wir k\u00fcmmern uns um Menschen in Menden, die ins Abseits geraten sind, wenn z.B. Krankheit, Wohnungsnot und \/ oder Arbeitslosigkeit\/ Kurzarbeit zu finanziellen Schwierigkeiten f\u00fchren. Wir unterst\u00fctzen ebenso Menschen im Ruhestand, die sich mit ihrer geringen Rente z.B. medizinische Hilfsmittel nicht leisten k\u00f6nnen. Wir sind Ansprechpartner f\u00fcr Familien und Alleinerziehende, die in finanzielle Schieflagen geraten sind.<br><br>Wir helfen gerne, haben aber auch eine gro\u00dfe Verantwortung unseren Spendern und Spenderinnen gegen\u00fcber. Deshalb pr\u00fcfen wir Ihre Bed\u00fcrftigkeit genau.<\/p>\n\n\n\n<p><strong>In der Mitgliederversammlung im Mai 2024 wurden Vorstand und Beirat neu gew\u00e4hlt:<\/strong><br><\/p>\n\n\n\n<p><strong>Zum Vorstand Mendener in Not e.V. geh\u00f6ren:<\/strong><br>Vorsitzender Klaus Ullrich 02373 \/ 81 42 8<br>stellv. Vorsitzende&nbsp; Veronika Czerwinski 02373 \/ 14 51 4<br>Gesch\u00e4ftsf\u00fchrer Rainer Zentgraf 02373 \/ 83 55 4<\/p>\n\n\n\n<p>Im Beirat unseres Vereins arbeiten Menschen aus verschiedenen Berufsgruppen und verschiedenen Mendener Stadtteilen eng mit dem Vorstand zusammen. Gemeinsam wird \u00fcber die Verteilung der Spendengelder entschieden!<\/p>\n\n\n\n<p><strong>Zum Beirat geh\u00f6ren:<\/strong><\/p>\n\n\n\n<p><br>Dr. Bj\u00f6rn Corzilius 02373 \/ 75 74 88 4<br>Franz Daniel 02373 \/ 60 88 2<br>R\u00fcdiger E\u00dfmann 02373 \/ 62 58 6<br>Maria-Cristina Gummert 02373 \/ 39 00 95 direkte Ansprechpartnerin f\u00fcr Notf\u00e4lle<br>Marita Hepping 02373 \/ 82 03 6<\/p>\n\n\n\n<p>Olaf J\u00e4ger 01512 1359897<br>Silvia Hoth 02373 \/ 85 36 8<br>Kerstin Scheppmann 02373 \/ 17 09 17<br><br><strong>Unsere Vereinssatzung:<\/strong> <a rel=\"noreferrer noopener\" href=\"https:\/\/mendener-in-not.de\/wp-content\/uploads\/2022\/10\/Satzung-Mendener-in-Not-e.V-1.pdf\" target=\"_blank\">Vereinssatzung (PDF)<\/a><\/p>\n\n\n\n<p>Sie sind in selbst in einer Notsituation oder m\u00f6chten Sie, dass jemandem, der in Not geraten ist, geholfen wird? Dann setzen Sie sich gerne mit einem Vorstandsmitglied oder den Beiratsmitgliedern in Verbindung!<\/p>\n\n\n\n<p>Sie k\u00f6nnen uns auch gerne direkt per E-Mail anschreiben: <a href=\"mailto:info@mendener-in-not.de\">info@mendener-in-not.de<\/a> oder unser <a href=\"https:\/\/mendener-in-not.de\/#KONTAKT\">Kontaktformular<\/a> nutzen.<\/p>\n\n\n\n<p><strong>Wir melden uns zeitnah bei Ihnen zur\u00fcck!<\/strong><\/p>\n\n\n\n<p class=\"has-small-font-size\"><span class=\"st\"><br><\/span><\/p>\n","protected":false},"excerpt":{"rendered":"<p>Der Verein Mendener in Not e.V. ist hervorgegangen aus der langj\u00e4hrigen Spendenaktion der Westfalenpost Redaktion Menden, die erstmals 1996 zu Spenden f\u00fcr in Not lebende Mendener aufgerufen hat. Wir k\u00fcmmern uns um Menschen in Menden, die ins Abseits geraten sind, wenn z.B. Krankheit, Wohnungsnot und \/ oder Arbeitslosigkeit\/ Kurzarbeit zu finanziellen Schwierigkeiten f\u00fchren. Wir unterst\u00fctzen [&hellip;]<\/p>\n","protected":false},"author":1,"featured_media":1307,"parent":0,"menu_order":4,"comment_status":"closed","ping_status":"closed","template":"","meta":{"footnotes":""},"class_list":["post-21","page","type-page","status-publish","has-post-thumbnail","hentry"],"_links":{"self":[{"href":"https:\/\/mendener-in-not.de\/index.php?rest_route=\/wp\/v2\/pages\/21","targetHints":{"allow":["GET"]}}],"collection":[{"href":"https:\/\/mendener-in-not.de\/index.php?rest_route=\/wp\/v2\/pages"}],"about":[{"href":"https:\/\/mendener-in-not.de\/index.php?rest_route=\/wp\/v2\/types\/page"}],"author":[{"embeddable":true,"href":"https:\/\/mendener-in-not.de\/index.php?rest_route=\/wp\/v2\/users\/1"}],"replies":[{"embeddable":true,"href":"https:\/\/mendener-in-not.de\/index.php?rest_route=%2Fwp%2Fv2%2Fcomments&post=21"}],"version-history":[{"count":48,"href":"https:\/\/mendener-in-not.de\/index.php?rest_route=\/wp\/v2\/pages\/21\/revisions"}],"predecessor-version":[{"id":1356,"href":"https:\/\/mendener-in-not.de\/index.php?rest_route=\/wp\/v2\/pages\/21\/revisions\/1356"}],"wp:featuredmedia":[{"embeddable":true,"href":"https:\/\/mendener-in-not.de\/index.php?rest_route=\/wp\/v2\/media\/1307"}],"wp:attachment":[{"href":"https:\/\/mendener-in-not.de\/index.php?rest_route=%2Fwp%2Fv2%2Fmedia&parent=21"}],"curies":[{"name":"wp","href":"https:\/\/api.w.org\/{rel}","templated":true}]}}